{"id":2206,"date":"2021-06-02T22:15:30","date_gmt":"2021-06-02T20:15:30","guid":{"rendered":"https:\/\/shop.flirtcollection.it\/rodo\/"},"modified":"2022-03-15T11:05:29","modified_gmt":"2022-03-15T10:05:29","slug":"rodo","status":"publish","type":"page","link":"https:\/\/shop.flirtcollection.it\/pl\/rodo\/","title":{"rendered":"Safety Tread 46 grit &#8211; blanc, 50-mm-x-18-m-fr"},"content":{"rendered":"\n<h2 class=\"wp-block-heading\">Informacja o przetwarzaniu danych osobowych na podstawie art. 13 Rozporz\u0105dzenia Europejskiego nr. 679\/2016 w sprawie ochrony os\u00f3b fizycznych w zwi\u0105zku z przetwarzaniem danych osobowych (RODO)<\/h2>\n\n<h2 class=\"wp-block-heading\">La societ\u00dd\u00a0<\/h2>\n\n<p>Best Mode S.r.l. con sede in Valmadrera (LC), Via Como 54 &#8211; Partita IVA e Codice Fiscale 00640610135, Tel 0341.580603 email: <a href=\"mailto:info@bestmode.it\">info@bestmode.it<\/a>, PEC: <a href=\"mailto:bestmode@pec.bestmode.it\">bestmode@pec.bestmode.it<\/a> (di seguito la &#8222;<strong>Societ\u00dd\u00a0<\/strong>&#8222;) informa di essere <strong>Titolare del trattamento<\/strong> &#8211; ai sensi degli articoli 4, n. 7) e 24 del Regolamento UE 2016\/679 del 27 aprile 2016 relativo alla protezione delle persone fisiche con riguardo al trattamento dei dati personali (di seguito, &#8222;Regolamento&#8221; o &#8222;GDPR&#8221;) &#8211; dei Suoi dati personali.<\/p>\n\n<p>Best Mode Srl gwarantuje najwy\u017csz\u0105 poufno\u015b\u0107 przetwarzania Twoich danych osobowych, ich dok\u0142adno\u015b\u0107 i aktualizacj\u0119 zgodnie z obowi\u0105zuj\u0105cymi przepisami o ochronie danych osobowych.<\/p>\n\n<h2 class=\"wp-block-heading\">Przedmiot zabiegu<\/h2>\n\n<p>Il Titolare tratta i dati personali (nome, cognome, e-mail,), in seguito &#8222;dati&#8221;, da Lei comunicati in occasione della compilazione del form di contatto sul sito web del Titolare al fine di fornire informazioni in merito alle Sue richieste e\/o per finalit\u00dd\u00a0 di marketing. Il Titolare potr\u00dd\u00a0 inoltre salvare i cookies, come descritto pi\u00f9 dettagliatamente nella Cookie Policy che trover\u00dd\u00a0 sul sito www.bestmode.it<strong class=\"privacy-policy-tutorial\"><\/strong><\/p>\n\n<h2 class=\"wp-block-heading\">Finalit\u00dd\u00a0 del trattamento<\/h2>\n\n<p><strong class=\"privacy-policy-tutorial\"><\/strong>I Suoi dati personali verranno utilizzati dalla Societ\u00dd\u00a0 per finalit\u00dd\u00a0 istituzionali connesse o strumentali all&#8217;attivit\u00dd\u00a0 di Best Mode S.r.l. come di seguito meglio precisate.<br\/>In nessun caso il Titolare utilizza i Suoi dati personali per finalit\u00dd\u00a0 non dichiarate. In particolare, i Suoi dati saranno trattati per le seguenti finalit\u00dd\u00a0:<\/p>\n\n<p><strong>a) Per l&#8217;iscrizione anagrafica e le richieste di contatto e\/o di materiale informativo.<\/strong><br\/>Il trattamento dei Suoi dati personali avviene per dar corso alle attivit\u00dd\u00a0 preliminari e conseguenti alla richiesta di iscrizione anagrafica, alla gestione delle richieste di informazioni e di contatto e\/o di invio di materiale informativo, nonch\u00e9 per l&#8217;adempimento di ogni altro obbligo derivante.<br\/>La base giuridica di questi trattamenti \u00e8 l&#8217;adempimento delle prestazioni inerenti alla richiesta di iscrizione, di informazioni e di contatto e\/o di invio di materiale informativo ed il rispetto di obblighi di legge.<\/p>\n\n<p><strong>b) Per attivit\u00dd\u00a0 di marketing diretto<\/strong><br\/>I Suoi dati personali potranno essere trattati, anche senza esplicito consenso, per finalit\u00dd\u00a0 di marketing diretto, promozione commerciale inerenti i prodotti, i servizi e le attivit\u00dd\u00a0 della Societ\u00dd\u00a0. Qualora, in ogni caso, Lei desiderasse opporsi al trattamento dei Suoi dati per le finalit\u00dd\u00a0 di marketing potr\u00dd\u00a0 farlo in qualunque momento scrivendo ai recapiti indicati nella presente informativa.<\/p>\n\n<p>Podstaw\u0105 prawn\u0105 tych zabieg\u00f3w jest prawnie uzasadniony interes Administratora.<\/p>\n\n<p>Qualora la Societ\u00dd\u00a0 intendesse trattare ulteriormente i Suoi dati personali per una finalit\u00dd\u00a0 diversa da quella per cui essi sono stati raccolti, prima di tale ulteriore trattamento, le forniremo informazioni in merito a tale diversa finalit\u00dd\u00a0 ed ogni ulteriore informazione pertinente.<\/p>\n\n<h2 class=\"wp-block-heading\">Charakter przepisu<\/h2>\n\n<p>Il conferimento dei dati \u00e8 per Lei facoltativo, in mancanza, la Societ\u00dd\u00a0 potr\u00dd\u00a0 tuttavia trovarsi nell&#8217;impossibilit\u00dd\u00a0 di fornire i servizi stessi, necessari per l&#8217;assolvimento di obblighi legati alla gestione delle prestazioni richieste.<br\/>Il conferimento dei dati personali per le finalit\u00dd\u00a0 di marketing \u00e8 facoltativo ed in qualunque momento Lei pu\u00f2 opporsi al trattamento per tali finalit\u00dd\u00a0 e i Suoi dati non saranno trattati pi\u00f9 per tali attivit\u00dd\u00a0, senza che ci\u00f2 comporti conseguenze o effetti pregiudizievoli per Lei e per le prestazioni gi\u00dd\u00a0 richieste.<\/p>\n\n<h2 class=\"wp-block-heading\">Modalit\u00dd\u00a0 del trattamento<\/h2>\n\n<p>La informiamo che il trattamento dei Suoi dati personali avviene nel rispetto dei principi di liceit\u00dd\u00a0, correttezza e trasparenza del trattamento. Le garantiamo che i dati trattati saranno adeguati, pertinenti e non eccedenti rispetto a quanto necessario per le finalit\u00dd\u00a0 del trattamento (principio di minimizzazione dei dati).<br\/>Il trattamento sar\u00dd\u00a0 svolto in forma automatizzata e\/o manuale, con modalit\u00dd\u00a0 e strumenti volti a garantire la massima sicurezza e riservatezza, ad opera di soggetti di ci\u00f2 appositamente incaricati.<br\/>Best Mode S.r.l. utilizza adeguate misure di sicurezza al fine di preservare la riservatezza, l&#8217;integrit\u00dd\u00a0 e la disponibilit\u00dd\u00a0 dei Suoi dati personali ed impone ai terzi fornitori e ai Responsabili del trattamento analoghe misure di sicurezza.<\/p>\n\n<h2 class=\"wp-block-heading\">Zatrzymywanie danych<\/h2>\n\n<p>I Suoi dati personali, salvo che Lei esprima esplicitamente la volont\u00dd\u00a0 di cancellarli, saranno conservati per il tempo previsto dalla normativa applicabile, e comunque per un periodo di tempo non superiore a quello necessario al conseguimento delle finalit\u00dd\u00a0 sopra indicate, e nello specifico relative all&#8217;esecuzione del contratto per un periodo di dieci anni.<\/p>\n\n<h2 class=\"wp-block-heading\">Przekazywanie danych osobowych do kraj\u00f3w spoza Unii Europejskiej<\/h2>\n\n<p>I dati raccolti ed elaborati non vengono trasferiti presso Societ\u00dd\u00a0 o altre entit\u00dd\u00a0 al di fuori del territorio comunitario. Se il Titolare dovesse trasferire i Suoi dati personali al di fuori del territorio comunitario provveder\u00dd\u00a0 a verificare che per il paese terzo o l&#8217;organizzazione internazionale esista una decisione di adeguatezza della Commissione o norme vincolanti d&#8217;impresa e\/o ogni altro strumento consentito dalla normativa di riferimento al fine di proteggere i Suoi dati con misure di tutela appropriate<\/p>\n\n<h2 class=\"wp-block-heading\">Wykonywanie praw przez zainteresowan\u0105 stron\u0119<\/h2>\n\n<p>Il Regolamento (articoli 15-22) riconosce importanti diritti in materia di protezione dei dati personali, che possono essere esercitati rivolgendosi al Titolare del trattamento.<br\/>In qualsiasi momento Lei potr\u00dd\u00a0 chiedere a Best Mode S.r.l., inviando una e-mail all&#8217;indirizzo <a href=\"mailto:info@bestmode.it\">info@bestmode.it<\/a> o mediante lettera raccomandata, al seguente indirizzo Via Como 54, 23868 Valmadrera (LC) se \u00e8 in corso un trattamento di dati personali che La riguardano e &#8211; se confermato &#8211; di ottenere una copia di tali dati ed essere informato su:<br\/>&#8211; l&#8217;origine dei dati;<br\/>&#8211; le categorie di dati personali trattate;<br\/>&#8211; i destinatari dei dati;<br\/>&#8211; le finalit\u00dd\u00a0 del trattamento;<br\/>&#8211; l&#8217;esistenza di un processo decisionale automatizzato, compresa la profilazione;<br\/>&#8211; il periodo di conservazione dei dati;<br\/>&#8211; i diritti previsti dal Regolamento.<br\/><\/p>\n\n<p>Inoltre, nei casi previsti dal regolamento, potr\u00dd\u00a0 chiedere:<br\/>&#8211; che i dati personali a Lei riferiti siano rettificati o cancellati, o che ne venga limitato il trattamento.<br\/>&#8211; che i dati da Lei forniti al Titolare siano trasferiti ad un altro Titolare (\u00abdiritto alla portabilit\u00dd\u00a0\u00bb), nel caso in cui il trattamento si basi sul suo consenso o su un contratto con Lei stipulato e venga effettuato con mezzi automatizzati;<br\/>&#8211; opporsi al trattamento dei Suoi dati personali per motivi connessi alla Sua situazione particolare, da specificare nella richiesta; oppure senza necessit\u00dd\u00a0 di motivare l&#8217;opposizione, quando i Suoi dati sono trattati per finalit\u00dd\u00a0 di marketing diretto.<br\/>Pu\u00f2 presentare gratuitamente e senza particolari formalit\u00dd\u00a0 (per esempio, tramite posta elettronica, posta raccomandata, ecc.), una richiesta di esercizio dei diritti al Titolare del trattamento (sul sito <a rel=\"noreferrer noopener\" href=\"https:\/\/www.garanteprivacy.it\" target=\"_blank\">www.garanteprivacy.it<\/a> \u00e8 disponibile un modulo facsimile).<br\/>Risponderemo alle Sue richieste nel termine di un mese, salvo casi di particolare complessit\u00dd\u00a0, per cui potrebbe impiegare massimo 2 mesi. L&#8217;esito Le verr\u00dd\u00a0 fornito per iscritto o su formato elettronico. Nel caso Lei chieda la rettifica, la cancellazione nonch\u00e9 la limitazione del trattamento, ci impegniamo a comunicare gli esiti delle Sue richieste a ciascuno dei destinatari dei Suoi dati, salvo che ci\u00f2 risulti impossibile o implichi uno sforzo sproporzionato.<br\/>Le ricordiamo che la revoca del consenso non pregiudica la liceit\u00dd\u00a0 del trattamento basata sul consenso prima della revoca.<\/p>\n\n<h2 class=\"wp-block-heading\">Skarga<\/h2>\n\n<p>Fatta salva ogni altra azione in sede amministrativa o giudiziale, Lei ha diritto di proporre reclamo all&#8217;autorit\u00dd\u00a0 di controllo. Pu\u00f2 quindi rivolgersi al Garante per la protezione dei dati personali via e-mail, all&#8217;indirizzo protocollo@pec.gpdp.it oppure via Raccomandata A\/R, o mediante consegna a mani al Garante per la protezione dei dati personali, che ha sede in Roma (Italia), Piazza Venezia n. 11, cap 00187.<br\/>Per approfondimenti, visiti il sito istituzionale del Garante privacy <a rel=\"noreferrer noopener\" href=\"https:\/\/www.garanteprivacy.it\" target=\"_blank\">www.garanteprivacy.it<\/a><\/p>\n\n<h2 class=\"wp-block-heading\">Comunicazione e diffusione dei dati personali per il perseguimento delle finalit\u00dd\u00a0 primarie del trattamento<\/h2>\n\n<p>I dati non saranno diffusi e potranno essere comunicati a qualsiasi altro terzo soggetto quando la comunicazione sia obbligatoria in forza di legge, ivi incluso l&#8217;ambito di prevenzione\/repressione di qualsiasi attivit\u00dd\u00a0 illecita. Con riferimento all&#8217;art. 13, comma 1, lettera (e) del Regolamento, si procede alla indicazione dei soggetti o delle categorie di soggetti che possono venire a conoscenza dei dati personali dell&#8217;utente in qualit\u00dd\u00a0 di responsabili o soggetti sottoposti all&#8217;autorit\u00dd\u00a0 del Titolare del trattamento e si fornisce di seguito apposito elenco per categorie:<br\/>\u2022 soggetti che forniscono servizi per la gestione del sistema informativo usato dalla Societ\u00dd\u00a0 e delle reti di telecomunicazioni (ivi compresa la posta elettronica);<br\/>\u2022 studi o societ\u00dd\u00a0 nell&#8217;ambito di rapporti di assistenza e consulenza;<br\/>\u2022 soggetti che svolgono adempimenti di controllo, revisione e certificazione delle attivit\u00dd\u00a0 poste in essere dalla Societ\u00dd\u00a0;<br\/>\u2022 autorit\u00dd\u00a0 competenti per adempimenti di obblighi di leggi e\/o di disposizioni di organi pubblici, su richiesta.<\/p>\n\n<p>Tutti i dipendenti, consulenti, collaboratori e\/o ogni altra &#8222;persona fisica&#8221; che svolgono la propria attivit\u00dd\u00a0 sulla base delle istruzioni ricevute dalla Societ\u00dd\u00a0, sono autorizzati ai sensi dell&#8217;art. 29 del Regolamento. Agli Autorizzati o ai Responsabili, eventualmente designati, la Societ\u00dd\u00a0 impartisce adeguate istruzioni operative, con particolare riferimento all&#8217;adozione e al rispetto delle misure di sicurezza, al fine di poter garantire la riservatezza e la sicurezza dei dati.<br\/>L&#8217;elenco completo dei soggetti a cui i Suoi dati personali sono stati o potranno essere comunicati \u00e8 a Vostra disposizione previa Vostra richiesta da effettuare tramite e-mail all&#8217;indirizzo <a href=\"mailto:info@bestmode.it\">info@bestmode.it<\/a><\/p>\n\n<h2 class=\"wp-block-heading\">Procesy decyzyjne<\/h2>\n\n<p>W\u0142a\u015bciciel nie stosuje zautomatyzowanych proces\u00f3w maj\u0105cych na celu profilowanie.<\/p>\n","protected":false},"excerpt":{"rendered":"<p>Informacja o przetwarzaniu danych osobowych na podstawie art. 13 Rozporz\u0105dzenia Europejskiego nr. 679\/2016 w sprawie ochrony os\u00f3b fizycznych w zwi\u0105zku z przetwarzaniem danych osobowych (RODO) La societ\u00dd\u00a0 Best Mode S.r.l. con sede in Valmadrera (LC), Via Como 54 &#8211; Partita IVA e Codice Fiscale 00640610135, Tel 0341.580603 email: info@bestmode.it, PEC: bestmode@pec.bestmode.it (di seguito la &#8222;Societ\u00dd\u00a0&#8222;) [&#8230;]\n","protected":false},"author":1,"featured_media":0,"parent":0,"menu_order":0,"comment_status":"closed","ping_status":"open","template":"","meta":{"footnotes":""},"class_list":["post-2206","page","type-page","status-publish","hentry"],"_links":{"self":[{"href":"https:\/\/shop.flirtcollection.it\/pl\/wp-json\/wp\/v2\/pages\/2206","targetHints":{"allow":["GET"]}}],"collection":[{"href":"https:\/\/shop.flirtcollection.it\/pl\/wp-json\/wp\/v2\/pages"}],"about":[{"href":"https:\/\/shop.flirtcollection.it\/pl\/wp-json\/wp\/v2\/types\/page"}],"author":[{"embeddable":true,"href":"https:\/\/shop.flirtcollection.it\/pl\/wp-json\/wp\/v2\/users\/1"}],"replies":[{"embeddable":true,"href":"https:\/\/shop.flirtcollection.it\/pl\/wp-json\/wp\/v2\/comments?post=2206"}],"version-history":[{"count":0,"href":"https:\/\/shop.flirtcollection.it\/pl\/wp-json\/wp\/v2\/pages\/2206\/revisions"}],"wp:attachment":[{"href":"https:\/\/shop.flirtcollection.it\/pl\/wp-json\/wp\/v2\/media?parent=2206"}],"curies":[{"name":"wp","href":"https:\/\/api.w.org\/{rel}","templated":true}]}}