{"id":185100,"date":"2026-02-12T12:17:27","date_gmt":"2026-02-12T11:17:27","guid":{"rendered":"https:\/\/shop.flirtcollection.it\/prodotto\/gonna-in-tela-con-fiocco\/"},"modified":"2026-02-12T12:17:27","modified_gmt":"2026-02-12T11:17:27","slug":"gonna-in-tela-con-fiocco","status":"publish","type":"product","link":"https:\/\/shop.flirtcollection.it\/pl\/produkt\/gonna-in-tela-con-fiocco\/","title":{"rendered":"SP\u00d3DNICA Z P\u0141\u00d3CIENNA Z WST\u0104\u017bK\u0104"},"content":{"rendered":"<p>Composizione: 70% COTONE    25% POLIAMMIDICA    5% ELASTAN<\/p>\n","protected":false},"excerpt":{"rendered":"<p>Composizione: 70% COTONE 25% POLIAMMIDICA 5% ELASTAN<\/p>\n","protected":false},"featured_media":176645,"template":"","meta":[],"product_brand":[],"product_cat":[161,178],"product_tag":[],"class_list":{"0":"post-185100","1":"product","2":"type-product","3":"status-publish","4":"has-post-thumbnail","6":"product_cat-kolekcja-wl-2026","7":"product_cat-spodnica","8":"product_shipping_class-ordini-di-campionario-pl","10":"first","11":"instock","12":"product-type-variable"},"_links":{"self":[{"href":"https:\/\/shop.flirtcollection.it\/pl\/wp-json\/wp\/v2\/product\/185100","targetHints":{"allow":["GET"]}}],"collection":[{"href":"https:\/\/shop.flirtcollection.it\/pl\/wp-json\/wp\/v2\/product"}],"about":[{"href":"https:\/\/shop.flirtcollection.it\/pl\/wp-json\/wp\/v2\/types\/product"}],"wp:featuredmedia":[{"embeddable":true,"href":"https:\/\/shop.flirtcollection.it\/pl\/wp-json\/wp\/v2\/media\/176645"}],"wp:attachment":[{"href":"https:\/\/shop.flirtcollection.it\/pl\/wp-json\/wp\/v2\/media?parent=185100"}],"wp:term":[{"taxonomy":"product_brand","embeddable":true,"href":"https:\/\/shop.flirtcollection.it\/pl\/wp-json\/wp\/v2\/product_brand?post=185100"},{"taxonomy":"product_cat","embeddable":true,"href":"https:\/\/shop.flirtcollection.it\/pl\/wp-json\/wp\/v2\/product_cat?post=185100"},{"taxonomy":"product_tag","embeddable":true,"href":"https:\/\/shop.flirtcollection.it\/pl\/wp-json\/wp\/v2\/product_tag?post=185100"}],"curies":[{"name":"wp","href":"https:\/\/api.w.org\/{rel}","templated":true}]}}