{"id":185285,"date":"2026-02-12T12:12:49","date_gmt":"2026-02-12T11:12:49","guid":{"rendered":"https:\/\/shop.flirtcollection.it\/prodotto\/camicia-collo-guru-in-voile-ricamato-con-canotta\/"},"modified":"2026-02-12T12:12:49","modified_gmt":"2026-02-12T11:12:49","slug":"camicia-collo-guru-in-voile-ricamato-con-canotta","status":"publish","type":"product","link":"https:\/\/shop.flirtcollection.it\/pl\/produkt\/camicia-collo-guru-in-voile-ricamato-con-canotta\/","title":{"rendered":"KOSZULA Z KO\u0141NIERZYKIEM GURU Z HAFTOWANEGO VOILE Z PODK\u0141ADK\u0104"},"content":{"rendered":"<p>Composizione: 85% POLIESTERE    15% LYOCELL<\/p>\n","protected":false},"excerpt":{"rendered":"<p>Composizione: 85% POLIESTERE 15% LYOCELL<\/p>\n","protected":false},"featured_media":176807,"template":"","meta":[],"product_brand":[],"product_cat":[161,383],"product_tag":[],"class_list":{"0":"post-185285","1":"product","2":"type-product","3":"status-publish","4":"has-post-thumbnail","6":"product_cat-kolekcja-wl-2026","7":"product_cat-koszula","8":"product_shipping_class-ordini-di-campionario-pl","10":"first","11":"instock","12":"product-type-variable"},"_links":{"self":[{"href":"https:\/\/shop.flirtcollection.it\/pl\/wp-json\/wp\/v2\/product\/185285","targetHints":{"allow":["GET"]}}],"collection":[{"href":"https:\/\/shop.flirtcollection.it\/pl\/wp-json\/wp\/v2\/product"}],"about":[{"href":"https:\/\/shop.flirtcollection.it\/pl\/wp-json\/wp\/v2\/types\/product"}],"wp:featuredmedia":[{"embeddable":true,"href":"https:\/\/shop.flirtcollection.it\/pl\/wp-json\/wp\/v2\/media\/176807"}],"wp:attachment":[{"href":"https:\/\/shop.flirtcollection.it\/pl\/wp-json\/wp\/v2\/media?parent=185285"}],"wp:term":[{"taxonomy":"product_brand","embeddable":true,"href":"https:\/\/shop.flirtcollection.it\/pl\/wp-json\/wp\/v2\/product_brand?post=185285"},{"taxonomy":"product_cat","embeddable":true,"href":"https:\/\/shop.flirtcollection.it\/pl\/wp-json\/wp\/v2\/product_cat?post=185285"},{"taxonomy":"product_tag","embeddable":true,"href":"https:\/\/shop.flirtcollection.it\/pl\/wp-json\/wp\/v2\/product_tag?post=185285"}],"curies":[{"name":"wp","href":"https:\/\/api.w.org\/{rel}","templated":true}]}}