{"id":185614,"date":"2026-02-12T12:12:49","date_gmt":"2026-02-12T11:12:49","guid":{"rendered":"https:\/\/shop.flirtcollection.it\/prodotto\/abito-lungo-collo-incrociato-con-manica-corta-in-cotone-stampa-fiori\/"},"modified":"2026-02-12T12:12:49","modified_gmt":"2026-02-12T11:12:49","slug":"abito-lungo-collo-incrociato-con-manica-corta-in-cotone-stampa-fiori","status":"publish","type":"product","link":"https:\/\/shop.flirtcollection.it\/pl\/produkt\/abito-lungo-collo-incrociato-con-manica-corta-in-cotone-stampa-fiori\/","title":{"rendered":"D\u0141UGA SUKIENKA Z KRZY\u017bOWANYM KO\u0141NIERZYKIEM I KR\u00d3TKIM R\u0118KAWEM Z BAWE\u0141NY W KWIATOWY WZ\u00d3R"},"content":{"rendered":"<p>Composizione: 100% COTONE<\/p>\n","protected":false},"excerpt":{"rendered":"<p>Composizione: 100% COTONE<\/p>\n","protected":false},"featured_media":176792,"template":"","meta":[],"product_brand":[],"product_cat":[161,163],"product_tag":[],"class_list":{"0":"post-185614","1":"product","2":"type-product","3":"status-publish","4":"has-post-thumbnail","6":"product_cat-kolekcja-wl-2026","7":"product_cat-sukienka","8":"product_shipping_class-ordini-di-campionario-pl","10":"first","11":"instock","12":"product-type-variable"},"_links":{"self":[{"href":"https:\/\/shop.flirtcollection.it\/pl\/wp-json\/wp\/v2\/product\/185614","targetHints":{"allow":["GET"]}}],"collection":[{"href":"https:\/\/shop.flirtcollection.it\/pl\/wp-json\/wp\/v2\/product"}],"about":[{"href":"https:\/\/shop.flirtcollection.it\/pl\/wp-json\/wp\/v2\/types\/product"}],"wp:featuredmedia":[{"embeddable":true,"href":"https:\/\/shop.flirtcollection.it\/pl\/wp-json\/wp\/v2\/media\/176792"}],"wp:attachment":[{"href":"https:\/\/shop.flirtcollection.it\/pl\/wp-json\/wp\/v2\/media?parent=185614"}],"wp:term":[{"taxonomy":"product_brand","embeddable":true,"href":"https:\/\/shop.flirtcollection.it\/pl\/wp-json\/wp\/v2\/product_brand?post=185614"},{"taxonomy":"product_cat","embeddable":true,"href":"https:\/\/shop.flirtcollection.it\/pl\/wp-json\/wp\/v2\/product_cat?post=185614"},{"taxonomy":"product_tag","embeddable":true,"href":"https:\/\/shop.flirtcollection.it\/pl\/wp-json\/wp\/v2\/product_tag?post=185614"}],"curies":[{"name":"wp","href":"https:\/\/api.w.org\/{rel}","templated":true}]}}