{"id":185649,"date":"2026-02-12T12:12:49","date_gmt":"2026-02-12T11:12:49","guid":{"rendered":"https:\/\/shop.flirtcollection.it\/prodotto\/maglia-girocollo-in-tela-due-colori\/"},"modified":"2026-02-12T12:12:49","modified_gmt":"2026-02-12T11:12:49","slug":"maglia-girocollo-in-tela-due-colori","status":"publish","type":"product","link":"https:\/\/shop.flirtcollection.it\/pl\/produkt\/maglia-girocollo-in-tela-due-colori\/","title":{"rendered":"KOSZULKA Z OKR\u0104G\u0141YM DEKOLTEM Z DWUKOLOROWEJ P\u0141\u00d3CIENNEJ"},"content":{"rendered":"<p>Composizione: 90% COTONE    10% ELASTAN    70% COTONE    25% POLIAMMIDICA    5% ELASTAN<\/p>\n","protected":false},"excerpt":{"rendered":"<p>Composizione: 90% COTONE 10% ELASTAN 70% COTONE 25% POLIAMMIDICA 5% ELASTAN<\/p>\n","protected":false},"featured_media":176657,"template":"","meta":[],"product_brand":[],"product_cat":[161,127],"product_tag":[],"class_list":{"0":"post-185649","1":"product","2":"type-product","3":"status-publish","4":"has-post-thumbnail","6":"product_cat-kolekcja-wl-2026","7":"product_cat-siatka","8":"product_shipping_class-ordini-di-campionario-pl","10":"first","11":"instock","12":"product-type-variable"},"_links":{"self":[{"href":"https:\/\/shop.flirtcollection.it\/pl\/wp-json\/wp\/v2\/product\/185649","targetHints":{"allow":["GET"]}}],"collection":[{"href":"https:\/\/shop.flirtcollection.it\/pl\/wp-json\/wp\/v2\/product"}],"about":[{"href":"https:\/\/shop.flirtcollection.it\/pl\/wp-json\/wp\/v2\/types\/product"}],"wp:featuredmedia":[{"embeddable":true,"href":"https:\/\/shop.flirtcollection.it\/pl\/wp-json\/wp\/v2\/media\/176657"}],"wp:attachment":[{"href":"https:\/\/shop.flirtcollection.it\/pl\/wp-json\/wp\/v2\/media?parent=185649"}],"wp:term":[{"taxonomy":"product_brand","embeddable":true,"href":"https:\/\/shop.flirtcollection.it\/pl\/wp-json\/wp\/v2\/product_brand?post=185649"},{"taxonomy":"product_cat","embeddable":true,"href":"https:\/\/shop.flirtcollection.it\/pl\/wp-json\/wp\/v2\/product_cat?post=185649"},{"taxonomy":"product_tag","embeddable":true,"href":"https:\/\/shop.flirtcollection.it\/pl\/wp-json\/wp\/v2\/product_tag?post=185649"}],"curies":[{"name":"wp","href":"https:\/\/api.w.org\/{rel}","templated":true}]}}