{"id":186226,"date":"2026-02-12T12:08:53","date_gmt":"2026-02-12T11:08:53","guid":{"rendered":"https:\/\/shop.flirtcollection.it\/prodotto\/canotta-stampa-campanule-in-viscosa\/"},"modified":"2026-02-12T12:08:53","modified_gmt":"2026-02-12T11:08:53","slug":"canotta-stampa-campanule-in-viscosa","status":"publish","type":"product","link":"https:\/\/shop.flirtcollection.it\/pl\/produkt\/canotta-stampa-campanule-in-viscosa\/","title":{"rendered":"KOSZULKA BEZ R\u0118KAW\u00d3W Z NADRUKIEM DZWONK\u00d3W Z WISKOZY"},"content":{"rendered":"<p>Composizione: 100% VISCOSA<\/p>\n","protected":false},"excerpt":{"rendered":"<p>Composizione: 100% VISCOSA<\/p>\n","protected":false},"featured_media":176756,"template":"","meta":[],"product_brand":[],"product_cat":[161,182],"product_tag":[],"class_list":{"0":"post-186226","1":"product","2":"type-product","3":"status-publish","4":"has-post-thumbnail","6":"product_cat-kolekcja-wl-2026","7":"product_cat-top-pl","8":"product_shipping_class-ordini-di-campionario-pl","10":"first","11":"instock","12":"product-type-variable"},"_links":{"self":[{"href":"https:\/\/shop.flirtcollection.it\/pl\/wp-json\/wp\/v2\/product\/186226","targetHints":{"allow":["GET"]}}],"collection":[{"href":"https:\/\/shop.flirtcollection.it\/pl\/wp-json\/wp\/v2\/product"}],"about":[{"href":"https:\/\/shop.flirtcollection.it\/pl\/wp-json\/wp\/v2\/types\/product"}],"wp:featuredmedia":[{"embeddable":true,"href":"https:\/\/shop.flirtcollection.it\/pl\/wp-json\/wp\/v2\/media\/176756"}],"wp:attachment":[{"href":"https:\/\/shop.flirtcollection.it\/pl\/wp-json\/wp\/v2\/media?parent=186226"}],"wp:term":[{"taxonomy":"product_brand","embeddable":true,"href":"https:\/\/shop.flirtcollection.it\/pl\/wp-json\/wp\/v2\/product_brand?post=186226"},{"taxonomy":"product_cat","embeddable":true,"href":"https:\/\/shop.flirtcollection.it\/pl\/wp-json\/wp\/v2\/product_cat?post=186226"},{"taxonomy":"product_tag","embeddable":true,"href":"https:\/\/shop.flirtcollection.it\/pl\/wp-json\/wp\/v2\/product_tag?post=186226"}],"curies":[{"name":"wp","href":"https:\/\/api.w.org\/{rel}","templated":true}]}}