{"id":186273,"date":"2026-02-12T12:08:53","date_gmt":"2026-02-12T11:08:53","guid":{"rendered":"https:\/\/shop.flirtcollection.it\/prodotto\/canotta-con-spalline-imbottite-in-tela\/"},"modified":"2026-02-12T12:08:53","modified_gmt":"2026-02-12T11:08:53","slug":"canotta-con-spalline-imbottite-in-tela","status":"publish","type":"product","link":"https:\/\/shop.flirtcollection.it\/pl\/produkt\/canotta-con-spalline-imbottite-in-tela\/","title":{"rendered":"KOSZULKA BEZ R\u0118KAW\u00d3W Z WY\u015aCIELANYMI RAMIONAMI Z P\u0141\u00d3CIENNA"},"content":{"rendered":"<p>Composizione: 100% COTONE<\/p>\n","protected":false},"excerpt":{"rendered":"<p>Composizione: 100% COTONE<\/p>\n","protected":false},"featured_media":176753,"template":"","meta":[],"product_brand":[],"product_cat":[161,383],"product_tag":[],"class_list":{"0":"post-186273","1":"product","2":"type-product","3":"status-publish","4":"has-post-thumbnail","6":"product_cat-kolekcja-wl-2026","7":"product_cat-koszula","8":"product_shipping_class-ordini-di-campionario-pl","10":"first","11":"instock","12":"product-type-variable"},"_links":{"self":[{"href":"https:\/\/shop.flirtcollection.it\/pl\/wp-json\/wp\/v2\/product\/186273","targetHints":{"allow":["GET"]}}],"collection":[{"href":"https:\/\/shop.flirtcollection.it\/pl\/wp-json\/wp\/v2\/product"}],"about":[{"href":"https:\/\/shop.flirtcollection.it\/pl\/wp-json\/wp\/v2\/types\/product"}],"wp:featuredmedia":[{"embeddable":true,"href":"https:\/\/shop.flirtcollection.it\/pl\/wp-json\/wp\/v2\/media\/176753"}],"wp:attachment":[{"href":"https:\/\/shop.flirtcollection.it\/pl\/wp-json\/wp\/v2\/media?parent=186273"}],"wp:term":[{"taxonomy":"product_brand","embeddable":true,"href":"https:\/\/shop.flirtcollection.it\/pl\/wp-json\/wp\/v2\/product_brand?post=186273"},{"taxonomy":"product_cat","embeddable":true,"href":"https:\/\/shop.flirtcollection.it\/pl\/wp-json\/wp\/v2\/product_cat?post=186273"},{"taxonomy":"product_tag","embeddable":true,"href":"https:\/\/shop.flirtcollection.it\/pl\/wp-json\/wp\/v2\/product_tag?post=186273"}],"curies":[{"name":"wp","href":"https:\/\/api.w.org\/{rel}","templated":true}]}}