{"id":186417,"date":"2026-02-12T12:08:53","date_gmt":"2026-02-12T11:08:53","guid":{"rendered":"https:\/\/shop.flirtcollection.it\/prodotto\/pantalone-in-tela-con-pences-in-fondo\/"},"modified":"2026-02-12T12:08:53","modified_gmt":"2026-02-12T11:08:53","slug":"pantalone-in-tela-con-pences-in-fondo","status":"publish","type":"product","link":"https:\/\/shop.flirtcollection.it\/pl\/produkt\/pantalone-in-tela-con-pences-in-fondo\/","title":{"rendered":"SPODNIE Z P\u0141\u00d3CIENNYCH TKANIN Z ZASZWYMI NA DO\u0141U"},"content":{"rendered":"<p>Composizione: 100% COTONE<\/p>\n","protected":false},"excerpt":{"rendered":"<p>Composizione: 100% COTONE<\/p>\n","protected":false},"featured_media":176744,"template":"","meta":[],"product_brand":[],"product_cat":[161,385],"product_tag":[],"class_list":{"0":"post-186417","1":"product","2":"type-product","3":"status-publish","4":"has-post-thumbnail","6":"product_cat-kolekcja-wl-2026","7":"product_cat-spodnie-pl","8":"product_shipping_class-ordini-di-campionario-pl","10":"first","11":"instock","12":"product-type-variable"},"_links":{"self":[{"href":"https:\/\/shop.flirtcollection.it\/pl\/wp-json\/wp\/v2\/product\/186417","targetHints":{"allow":["GET"]}}],"collection":[{"href":"https:\/\/shop.flirtcollection.it\/pl\/wp-json\/wp\/v2\/product"}],"about":[{"href":"https:\/\/shop.flirtcollection.it\/pl\/wp-json\/wp\/v2\/types\/product"}],"wp:featuredmedia":[{"embeddable":true,"href":"https:\/\/shop.flirtcollection.it\/pl\/wp-json\/wp\/v2\/media\/176744"}],"wp:attachment":[{"href":"https:\/\/shop.flirtcollection.it\/pl\/wp-json\/wp\/v2\/media?parent=186417"}],"wp:term":[{"taxonomy":"product_brand","embeddable":true,"href":"https:\/\/shop.flirtcollection.it\/pl\/wp-json\/wp\/v2\/product_brand?post=186417"},{"taxonomy":"product_cat","embeddable":true,"href":"https:\/\/shop.flirtcollection.it\/pl\/wp-json\/wp\/v2\/product_cat?post=186417"},{"taxonomy":"product_tag","embeddable":true,"href":"https:\/\/shop.flirtcollection.it\/pl\/wp-json\/wp\/v2\/product_tag?post=186417"}],"curies":[{"name":"wp","href":"https:\/\/api.w.org\/{rel}","templated":true}]}}