{"id":186893,"date":"2026-02-12T12:04:48","date_gmt":"2026-02-12T11:04:48","guid":{"rendered":"https:\/\/shop.flirtcollection.it\/prodotto\/maglia-con-tasca-fondo-manica-lunga-in-viscosa\/"},"modified":"2026-02-12T12:04:48","modified_gmt":"2026-02-12T11:04:48","slug":"maglia-con-tasca-fondo-manica-lunga-in-viscosa","status":"publish","type":"product","link":"https:\/\/shop.flirtcollection.it\/pl\/produkt\/maglia-con-tasca-fondo-manica-lunga-in-viscosa\/","title":{"rendered":"SWETER Z KIESZENI\u0104 NA DO\u0141U, D\u0141UGIE R\u0118KAWY Z WISKOZY"},"content":{"rendered":"<p>Composizione: 65% VISCOSA    35% POLIAMMIDICA<\/p>\n","protected":false},"excerpt":{"rendered":"<p>Composizione: 65% VISCOSA 35% POLIAMMIDICA<\/p>\n","protected":false},"featured_media":176492,"template":"","meta":[],"product_brand":[],"product_cat":[161,127],"product_tag":[],"class_list":{"0":"post-186893","1":"product","2":"type-product","3":"status-publish","4":"has-post-thumbnail","6":"product_cat-kolekcja-wl-2026","7":"product_cat-siatka","8":"product_shipping_class-ordini-di-campionario-pl","10":"first","11":"instock","12":"product-type-variable"},"_links":{"self":[{"href":"https:\/\/shop.flirtcollection.it\/pl\/wp-json\/wp\/v2\/product\/186893","targetHints":{"allow":["GET"]}}],"collection":[{"href":"https:\/\/shop.flirtcollection.it\/pl\/wp-json\/wp\/v2\/product"}],"about":[{"href":"https:\/\/shop.flirtcollection.it\/pl\/wp-json\/wp\/v2\/types\/product"}],"wp:featuredmedia":[{"embeddable":true,"href":"https:\/\/shop.flirtcollection.it\/pl\/wp-json\/wp\/v2\/media\/176492"}],"wp:attachment":[{"href":"https:\/\/shop.flirtcollection.it\/pl\/wp-json\/wp\/v2\/media?parent=186893"}],"wp:term":[{"taxonomy":"product_brand","embeddable":true,"href":"https:\/\/shop.flirtcollection.it\/pl\/wp-json\/wp\/v2\/product_brand?post=186893"},{"taxonomy":"product_cat","embeddable":true,"href":"https:\/\/shop.flirtcollection.it\/pl\/wp-json\/wp\/v2\/product_cat?post=186893"},{"taxonomy":"product_tag","embeddable":true,"href":"https:\/\/shop.flirtcollection.it\/pl\/wp-json\/wp\/v2\/product_tag?post=186893"}],"curies":[{"name":"wp","href":"https:\/\/api.w.org\/{rel}","templated":true}]}}