{"id":187791,"date":"2026-02-12T11:59:03","date_gmt":"2026-02-12T10:59:03","guid":{"rendered":"https:\/\/shop.flirtcollection.it\/prodotto\/abito-girocollo-manica-corta-in-viscosa-nylon-con-bordo-in-contrasto\/"},"modified":"2026-02-12T11:59:03","modified_gmt":"2026-02-12T10:59:03","slug":"abito-girocollo-manica-corta-in-viscosa-nylon-con-bordo-in-contrasto","status":"publish","type":"product","link":"https:\/\/shop.flirtcollection.it\/pl\/produkt\/abito-girocollo-manica-corta-in-viscosa-nylon-con-bordo-in-contrasto\/","title":{"rendered":"SUKIENKA Z OKR\u0104G\u0141YM DEKOLTEM I KR\u00d3TKIMI R\u0118KAWAMI Z WISKOZY NYLONOWEJ Z KONTASTOWYM WYKO\u0143CZENIEM"},"content":{"rendered":"<p>Composizione: 50% NYLON    50% VISCOSA<\/p>\n","protected":false},"excerpt":{"rendered":"<p>Composizione: 50% NYLON 50% VISCOSA<\/p>\n","protected":false},"featured_media":176600,"template":"","meta":[],"product_brand":[],"product_cat":[161,163],"product_tag":[],"class_list":{"0":"post-187791","1":"product","2":"type-product","3":"status-publish","4":"has-post-thumbnail","6":"product_cat-kolekcja-wl-2026","7":"product_cat-sukienka","8":"product_shipping_class-ordini-di-campionario-pl","10":"first","11":"outofstock","12":"product-type-variable"},"_links":{"self":[{"href":"https:\/\/shop.flirtcollection.it\/pl\/wp-json\/wp\/v2\/product\/187791","targetHints":{"allow":["GET"]}}],"collection":[{"href":"https:\/\/shop.flirtcollection.it\/pl\/wp-json\/wp\/v2\/product"}],"about":[{"href":"https:\/\/shop.flirtcollection.it\/pl\/wp-json\/wp\/v2\/types\/product"}],"wp:featuredmedia":[{"embeddable":true,"href":"https:\/\/shop.flirtcollection.it\/pl\/wp-json\/wp\/v2\/media\/176600"}],"wp:attachment":[{"href":"https:\/\/shop.flirtcollection.it\/pl\/wp-json\/wp\/v2\/media?parent=187791"}],"wp:term":[{"taxonomy":"product_brand","embeddable":true,"href":"https:\/\/shop.flirtcollection.it\/pl\/wp-json\/wp\/v2\/product_brand?post=187791"},{"taxonomy":"product_cat","embeddable":true,"href":"https:\/\/shop.flirtcollection.it\/pl\/wp-json\/wp\/v2\/product_cat?post=187791"},{"taxonomy":"product_tag","embeddable":true,"href":"https:\/\/shop.flirtcollection.it\/pl\/wp-json\/wp\/v2\/product_tag?post=187791"}],"curies":[{"name":"wp","href":"https:\/\/api.w.org\/{rel}","templated":true}]}}