{"id":188235,"date":"2026-02-12T11:59:03","date_gmt":"2026-02-12T10:59:03","guid":{"rendered":"https:\/\/shop.flirtcollection.it\/prodotto\/camicia-corta-senza-strass-in-tela-40-52-c-c-16\/"},"modified":"2026-02-12T11:59:03","modified_gmt":"2026-02-12T10:59:03","slug":"camicia-corta-senza-strass-in-tela-40-52-c-c-16","status":"publish","type":"product","link":"https:\/\/shop.flirtcollection.it\/pl\/produkt\/camicia-corta-senza-strass-in-tela-40-52-c-c-16\/","title":{"rendered":"KR\u00d3TKA KOSZULA BEZ KRYSZTA\u0141K\u00d3W Z P\u0141\u00d3CIENNA  40-52 C.C. 16"},"content":{"rendered":"<p>Composizione: 100% COTONE<\/p>\n","protected":false},"excerpt":{"rendered":"<p>Composizione: 100% COTONE<\/p>\n","protected":false},"featured_media":176453,"template":"","meta":[],"product_brand":[],"product_cat":[161,383],"product_tag":[],"class_list":{"0":"post-188235","1":"product","2":"type-product","3":"status-publish","4":"has-post-thumbnail","6":"product_cat-kolekcja-wl-2026","7":"product_cat-koszula","8":"product_shipping_class-ordini-di-campionario-pl","10":"first","11":"instock","12":"product-type-variable"},"_links":{"self":[{"href":"https:\/\/shop.flirtcollection.it\/pl\/wp-json\/wp\/v2\/product\/188235","targetHints":{"allow":["GET"]}}],"collection":[{"href":"https:\/\/shop.flirtcollection.it\/pl\/wp-json\/wp\/v2\/product"}],"about":[{"href":"https:\/\/shop.flirtcollection.it\/pl\/wp-json\/wp\/v2\/types\/product"}],"wp:featuredmedia":[{"embeddable":true,"href":"https:\/\/shop.flirtcollection.it\/pl\/wp-json\/wp\/v2\/media\/176453"}],"wp:attachment":[{"href":"https:\/\/shop.flirtcollection.it\/pl\/wp-json\/wp\/v2\/media?parent=188235"}],"wp:term":[{"taxonomy":"product_brand","embeddable":true,"href":"https:\/\/shop.flirtcollection.it\/pl\/wp-json\/wp\/v2\/product_brand?post=188235"},{"taxonomy":"product_cat","embeddable":true,"href":"https:\/\/shop.flirtcollection.it\/pl\/wp-json\/wp\/v2\/product_cat?post=188235"},{"taxonomy":"product_tag","embeddable":true,"href":"https:\/\/shop.flirtcollection.it\/pl\/wp-json\/wp\/v2\/product_tag?post=188235"}],"curies":[{"name":"wp","href":"https:\/\/api.w.org\/{rel}","templated":true}]}}