{"id":188307,"date":"2026-02-12T11:59:03","date_gmt":"2026-02-12T10:59:03","guid":{"rendered":"https:\/\/shop.flirtcollection.it\/prodotto\/abito-con-collo-camicia-in-tela-e-jersey\/"},"modified":"2026-02-12T11:59:03","modified_gmt":"2026-02-12T10:59:03","slug":"abito-con-collo-camicia-in-tela-e-jersey","status":"publish","type":"product","link":"https:\/\/shop.flirtcollection.it\/pl\/produkt\/abito-con-collo-camicia-in-tela-e-jersey\/","title":{"rendered":"SUKIENKA Z KO\u0141NIERZYKIEM Z P\u0141\u00d3CIENNA I JERSEY"},"content":{"rendered":"<p>Composizione: 70% COTONE    25% POLIAMMIDICA    5% ELASTAN    90% COTONE    10% ELASTAN<\/p>\n","protected":false},"excerpt":{"rendered":"<p>Composizione: 70% COTONE 25% POLIAMMIDICA 5% ELASTAN 90% COTONE 10% ELASTAN<\/p>\n","protected":false},"featured_media":176612,"template":"","meta":[],"product_brand":[],"product_cat":[161,163],"product_tag":[],"class_list":{"0":"post-188307","1":"product","2":"type-product","3":"status-publish","4":"has-post-thumbnail","6":"product_cat-kolekcja-wl-2026","7":"product_cat-sukienka","8":"product_shipping_class-ordini-di-campionario-pl","10":"first","11":"instock","12":"product-type-variable"},"_links":{"self":[{"href":"https:\/\/shop.flirtcollection.it\/pl\/wp-json\/wp\/v2\/product\/188307","targetHints":{"allow":["GET"]}}],"collection":[{"href":"https:\/\/shop.flirtcollection.it\/pl\/wp-json\/wp\/v2\/product"}],"about":[{"href":"https:\/\/shop.flirtcollection.it\/pl\/wp-json\/wp\/v2\/types\/product"}],"wp:featuredmedia":[{"embeddable":true,"href":"https:\/\/shop.flirtcollection.it\/pl\/wp-json\/wp\/v2\/media\/176612"}],"wp:attachment":[{"href":"https:\/\/shop.flirtcollection.it\/pl\/wp-json\/wp\/v2\/media?parent=188307"}],"wp:term":[{"taxonomy":"product_brand","embeddable":true,"href":"https:\/\/shop.flirtcollection.it\/pl\/wp-json\/wp\/v2\/product_brand?post=188307"},{"taxonomy":"product_cat","embeddable":true,"href":"https:\/\/shop.flirtcollection.it\/pl\/wp-json\/wp\/v2\/product_cat?post=188307"},{"taxonomy":"product_tag","embeddable":true,"href":"https:\/\/shop.flirtcollection.it\/pl\/wp-json\/wp\/v2\/product_tag?post=188307"}],"curies":[{"name":"wp","href":"https:\/\/api.w.org\/{rel}","templated":true}]}}