{"id":189343,"date":"2026-02-12T11:55:09","date_gmt":"2026-02-12T10:55:09","guid":{"rendered":"https:\/\/shop.flirtcollection.it\/prodotto\/abito-girocollo-con-rouches-e-parte-sopra-in-jersey\/"},"modified":"2026-02-12T11:55:09","modified_gmt":"2026-02-12T10:55:09","slug":"abito-girocollo-con-rouches-e-parte-sopra-in-jersey","status":"publish","type":"product","link":"https:\/\/shop.flirtcollection.it\/pl\/produkt\/abito-girocollo-con-rouches-e-parte-sopra-in-jersey\/","title":{"rendered":"SUKIENKA Z OKR\u0104G\u0141YM DEKOLTEM, Z MARSZCZENIAMI I G\u00d3RN\u0104 CZ\u0118\u015aCI\u0104 Z D\u017bERSJU"},"content":{"rendered":"<p>Composizione: 70% COTONE    25% POLIAMMIDICA    5% ELASTAN    90% COTONE    10% ELASTAN<\/p>\n","protected":false},"excerpt":{"rendered":"<p>Composizione: 70% COTONE 25% POLIAMMIDICA 5% ELASTAN 90% COTONE 10% ELASTAN<\/p>\n","protected":false},"featured_media":176615,"template":"","meta":[],"product_brand":[],"product_cat":[161,163],"product_tag":[],"class_list":{"0":"post-189343","1":"product","2":"type-product","3":"status-publish","4":"has-post-thumbnail","6":"product_cat-kolekcja-wl-2026","7":"product_cat-sukienka","8":"product_shipping_class-ordini-di-campionario-pl","10":"first","11":"instock","12":"product-type-variable"},"_links":{"self":[{"href":"https:\/\/shop.flirtcollection.it\/pl\/wp-json\/wp\/v2\/product\/189343","targetHints":{"allow":["GET"]}}],"collection":[{"href":"https:\/\/shop.flirtcollection.it\/pl\/wp-json\/wp\/v2\/product"}],"about":[{"href":"https:\/\/shop.flirtcollection.it\/pl\/wp-json\/wp\/v2\/types\/product"}],"wp:featuredmedia":[{"embeddable":true,"href":"https:\/\/shop.flirtcollection.it\/pl\/wp-json\/wp\/v2\/media\/176615"}],"wp:attachment":[{"href":"https:\/\/shop.flirtcollection.it\/pl\/wp-json\/wp\/v2\/media?parent=189343"}],"wp:term":[{"taxonomy":"product_brand","embeddable":true,"href":"https:\/\/shop.flirtcollection.it\/pl\/wp-json\/wp\/v2\/product_brand?post=189343"},{"taxonomy":"product_cat","embeddable":true,"href":"https:\/\/shop.flirtcollection.it\/pl\/wp-json\/wp\/v2\/product_cat?post=189343"},{"taxonomy":"product_tag","embeddable":true,"href":"https:\/\/shop.flirtcollection.it\/pl\/wp-json\/wp\/v2\/product_tag?post=189343"}],"curies":[{"name":"wp","href":"https:\/\/api.w.org\/{rel}","templated":true}]}}