{"id":189465,"date":"2026-02-12T11:55:09","date_gmt":"2026-02-12T10:55:09","guid":{"rendered":"https:\/\/shop.flirtcollection.it\/prodotto\/maglia-manica-corta-con-profili-contrasto\/"},"modified":"2026-02-12T11:55:09","modified_gmt":"2026-02-12T10:55:09","slug":"maglia-manica-corta-con-profili-contrasto","status":"publish","type":"product","link":"https:\/\/shop.flirtcollection.it\/pl\/produkt\/maglia-manica-corta-con-profili-contrasto\/","title":{"rendered":"KOSZULKA Z KR\u00d3TKIM R\u0118KAWEM I KONTASTOWYMI WYKO\u0143CZENIAMI"},"content":{"rendered":"<p>Composizione: 65% VISCOSA    35% POLIAMMIDICA<\/p>\n","protected":false},"excerpt":{"rendered":"<p>Composizione: 65% VISCOSA 35% POLIAMMIDICA<\/p>\n","protected":false},"featured_media":176546,"template":"","meta":[],"product_brand":[],"product_cat":[161,127],"product_tag":[],"class_list":{"0":"post-189465","1":"product","2":"type-product","3":"status-publish","4":"has-post-thumbnail","6":"product_cat-kolekcja-wl-2026","7":"product_cat-siatka","8":"product_shipping_class-ordini-di-campionario-pl","10":"first","11":"outofstock","12":"product-type-variable"},"_links":{"self":[{"href":"https:\/\/shop.flirtcollection.it\/pl\/wp-json\/wp\/v2\/product\/189465","targetHints":{"allow":["GET"]}}],"collection":[{"href":"https:\/\/shop.flirtcollection.it\/pl\/wp-json\/wp\/v2\/product"}],"about":[{"href":"https:\/\/shop.flirtcollection.it\/pl\/wp-json\/wp\/v2\/types\/product"}],"wp:featuredmedia":[{"embeddable":true,"href":"https:\/\/shop.flirtcollection.it\/pl\/wp-json\/wp\/v2\/media\/176546"}],"wp:attachment":[{"href":"https:\/\/shop.flirtcollection.it\/pl\/wp-json\/wp\/v2\/media?parent=189465"}],"wp:term":[{"taxonomy":"product_brand","embeddable":true,"href":"https:\/\/shop.flirtcollection.it\/pl\/wp-json\/wp\/v2\/product_brand?post=189465"},{"taxonomy":"product_cat","embeddable":true,"href":"https:\/\/shop.flirtcollection.it\/pl\/wp-json\/wp\/v2\/product_cat?post=189465"},{"taxonomy":"product_tag","embeddable":true,"href":"https:\/\/shop.flirtcollection.it\/pl\/wp-json\/wp\/v2\/product_tag?post=189465"}],"curies":[{"name":"wp","href":"https:\/\/api.w.org\/{rel}","templated":true}]}}