{"id":189515,"date":"2026-02-12T11:55:09","date_gmt":"2026-02-12T10:55:09","guid":{"rendered":"https:\/\/shop.flirtcollection.it\/prodotto\/maglia-manica-lunga-con-tasca-toppa\/"},"modified":"2026-02-12T11:55:09","modified_gmt":"2026-02-12T10:55:09","slug":"maglia-manica-lunga-con-tasca-toppa","status":"publish","type":"product","link":"https:\/\/shop.flirtcollection.it\/pl\/produkt\/maglia-manica-lunga-con-tasca-toppa\/","title":{"rendered":"KOSZULKA Z D\u0141UGIM R\u0118KAWEM I NASZYWAN\u0104 KIESZENI\u0104"},"content":{"rendered":"<p>Composizione: 65% VISCOSA    35% POLIAMMIDICA<\/p>\n","protected":false},"excerpt":{"rendered":"<p>Composizione: 65% VISCOSA 35% POLIAMMIDICA<\/p>\n","protected":false},"featured_media":176543,"template":"","meta":[],"product_brand":[],"product_cat":[161,127],"product_tag":[],"class_list":{"0":"post-189515","1":"product","2":"type-product","3":"status-publish","4":"has-post-thumbnail","6":"product_cat-kolekcja-wl-2026","7":"product_cat-siatka","8":"product_shipping_class-ordini-di-campionario-pl","10":"first","11":"outofstock","12":"product-type-variable"},"_links":{"self":[{"href":"https:\/\/shop.flirtcollection.it\/pl\/wp-json\/wp\/v2\/product\/189515","targetHints":{"allow":["GET"]}}],"collection":[{"href":"https:\/\/shop.flirtcollection.it\/pl\/wp-json\/wp\/v2\/product"}],"about":[{"href":"https:\/\/shop.flirtcollection.it\/pl\/wp-json\/wp\/v2\/types\/product"}],"wp:featuredmedia":[{"embeddable":true,"href":"https:\/\/shop.flirtcollection.it\/pl\/wp-json\/wp\/v2\/media\/176543"}],"wp:attachment":[{"href":"https:\/\/shop.flirtcollection.it\/pl\/wp-json\/wp\/v2\/media?parent=189515"}],"wp:term":[{"taxonomy":"product_brand","embeddable":true,"href":"https:\/\/shop.flirtcollection.it\/pl\/wp-json\/wp\/v2\/product_brand?post=189515"},{"taxonomy":"product_cat","embeddable":true,"href":"https:\/\/shop.flirtcollection.it\/pl\/wp-json\/wp\/v2\/product_cat?post=189515"},{"taxonomy":"product_tag","embeddable":true,"href":"https:\/\/shop.flirtcollection.it\/pl\/wp-json\/wp\/v2\/product_tag?post=189515"}],"curies":[{"name":"wp","href":"https:\/\/api.w.org\/{rel}","templated":true}]}}