{"id":190303,"date":"2026-02-12T11:50:39","date_gmt":"2026-02-12T10:50:39","guid":{"rendered":"https:\/\/shop.flirtcollection.it\/prodotto\/abito-cotone-unito-manica-corta\/"},"modified":"2026-02-12T11:50:39","modified_gmt":"2026-02-12T10:50:39","slug":"abito-cotone-unito-manica-corta","status":"publish","type":"product","link":"https:\/\/shop.flirtcollection.it\/pl\/produkt\/abito-cotone-unito-manica-corta\/","title":{"rendered":"SUKIENKA Z JEDNOLITEJ BAWE\u0141NY Z KR\u00d3TKIMI R\u0118KAWAMI"},"content":{"rendered":"<p>Composizione: 66% COTONE    31% NYLON    3% ELASTAN<\/p>\n","protected":false},"excerpt":{"rendered":"<p>Composizione: 66% COTONE 31% NYLON 3% ELASTAN<\/p>\n","protected":false},"featured_media":177107,"template":"","meta":[],"product_brand":[],"product_cat":[161,163],"product_tag":[],"class_list":{"0":"post-190303","1":"product","2":"type-product","3":"status-publish","4":"has-post-thumbnail","6":"product_cat-kolekcja-wl-2026","7":"product_cat-sukienka","8":"product_shipping_class-ordini-di-campionario-pl","10":"first","11":"outofstock","12":"product-type-variable"},"_links":{"self":[{"href":"https:\/\/shop.flirtcollection.it\/pl\/wp-json\/wp\/v2\/product\/190303","targetHints":{"allow":["GET"]}}],"collection":[{"href":"https:\/\/shop.flirtcollection.it\/pl\/wp-json\/wp\/v2\/product"}],"about":[{"href":"https:\/\/shop.flirtcollection.it\/pl\/wp-json\/wp\/v2\/types\/product"}],"wp:featuredmedia":[{"embeddable":true,"href":"https:\/\/shop.flirtcollection.it\/pl\/wp-json\/wp\/v2\/media\/177107"}],"wp:attachment":[{"href":"https:\/\/shop.flirtcollection.it\/pl\/wp-json\/wp\/v2\/media?parent=190303"}],"wp:term":[{"taxonomy":"product_brand","embeddable":true,"href":"https:\/\/shop.flirtcollection.it\/pl\/wp-json\/wp\/v2\/product_brand?post=190303"},{"taxonomy":"product_cat","embeddable":true,"href":"https:\/\/shop.flirtcollection.it\/pl\/wp-json\/wp\/v2\/product_cat?post=190303"},{"taxonomy":"product_tag","embeddable":true,"href":"https:\/\/shop.flirtcollection.it\/pl\/wp-json\/wp\/v2\/product_tag?post=190303"}],"curies":[{"name":"wp","href":"https:\/\/api.w.org\/{rel}","templated":true}]}}