{"id":190370,"date":"2026-02-12T11:50:39","date_gmt":"2026-02-12T10:50:39","guid":{"rendered":"https:\/\/shop.flirtcollection.it\/prodotto\/giacca-a-scatola-mono-petto-in-eco-pelle\/"},"modified":"2026-02-12T11:50:39","modified_gmt":"2026-02-12T10:50:39","slug":"giacca-a-scatola-mono-petto-in-eco-pelle","status":"publish","type":"product","link":"https:\/\/shop.flirtcollection.it\/pl\/produkt\/giacca-a-scatola-mono-petto-in-eco-pelle\/","title":{"rendered":"KURTKA Z EKOSK\u00d3RY Z JEDNYM RZ\u0118DEM GUZIK\u00d3W"},"content":{"rendered":"<p>Composizione: 100% POLIURETANICA    72% VISCOSA    15% POLIESTERE    9% COTONE    4% METALLO    100% POLIESTERE<\/p>\n","protected":false},"excerpt":{"rendered":"<p>Composizione: 100% POLIURETANICA 72% VISCOSA 15% POLIESTERE 9% COTONE 4% METALLO 100% POLIESTERE<\/p>\n","protected":false},"featured_media":176822,"template":"","meta":[],"product_brand":[],"product_cat":[161,121],"product_tag":[],"class_list":{"0":"post-190370","1":"product","2":"type-product","3":"status-publish","4":"has-post-thumbnail","6":"product_cat-kolekcja-wl-2026","7":"product_cat-kurtka","8":"product_shipping_class-ordini-di-campionario-pl","10":"first","11":"instock","12":"product-type-variable"},"_links":{"self":[{"href":"https:\/\/shop.flirtcollection.it\/pl\/wp-json\/wp\/v2\/product\/190370","targetHints":{"allow":["GET"]}}],"collection":[{"href":"https:\/\/shop.flirtcollection.it\/pl\/wp-json\/wp\/v2\/product"}],"about":[{"href":"https:\/\/shop.flirtcollection.it\/pl\/wp-json\/wp\/v2\/types\/product"}],"wp:featuredmedia":[{"embeddable":true,"href":"https:\/\/shop.flirtcollection.it\/pl\/wp-json\/wp\/v2\/media\/176822"}],"wp:attachment":[{"href":"https:\/\/shop.flirtcollection.it\/pl\/wp-json\/wp\/v2\/media?parent=190370"}],"wp:term":[{"taxonomy":"product_brand","embeddable":true,"href":"https:\/\/shop.flirtcollection.it\/pl\/wp-json\/wp\/v2\/product_brand?post=190370"},{"taxonomy":"product_cat","embeddable":true,"href":"https:\/\/shop.flirtcollection.it\/pl\/wp-json\/wp\/v2\/product_cat?post=190370"},{"taxonomy":"product_tag","embeddable":true,"href":"https:\/\/shop.flirtcollection.it\/pl\/wp-json\/wp\/v2\/product_tag?post=190370"}],"curies":[{"name":"wp","href":"https:\/\/api.w.org\/{rel}","templated":true}]}}