{"id":190899,"date":"2026-02-12T11:46:30","date_gmt":"2026-02-12T10:46:30","guid":{"rendered":"https:\/\/shop.flirtcollection.it\/prodotto\/maglia-gilet-maniche\/"},"modified":"2026-02-12T11:46:30","modified_gmt":"2026-02-12T10:46:30","slug":"maglia-gilet-maniche","status":"publish","type":"product","link":"https:\/\/shop.flirtcollection.it\/pl\/produkt\/maglia-gilet-maniche\/","title":{"rendered":"SWETER BEZ R\u0118KAW\u00d3W + R\u0118KAWY"},"content":{"rendered":"<p>Composizione: 50% COTONE    50% ACRILICA<\/p>\n","protected":false},"excerpt":{"rendered":"<p>Composizione: 50% COTONE 50% ACRILICA<\/p>\n","protected":false},"featured_media":177053,"template":"","meta":[],"product_brand":[],"product_cat":[161,127],"product_tag":[],"class_list":{"0":"post-190899","1":"product","2":"type-product","3":"status-publish","4":"has-post-thumbnail","6":"product_cat-kolekcja-wl-2026","7":"product_cat-siatka","8":"product_shipping_class-ordini-di-campionario-pl","10":"first","11":"outofstock","12":"product-type-variable"},"_links":{"self":[{"href":"https:\/\/shop.flirtcollection.it\/pl\/wp-json\/wp\/v2\/product\/190899","targetHints":{"allow":["GET"]}}],"collection":[{"href":"https:\/\/shop.flirtcollection.it\/pl\/wp-json\/wp\/v2\/product"}],"about":[{"href":"https:\/\/shop.flirtcollection.it\/pl\/wp-json\/wp\/v2\/types\/product"}],"wp:featuredmedia":[{"embeddable":true,"href":"https:\/\/shop.flirtcollection.it\/pl\/wp-json\/wp\/v2\/media\/177053"}],"wp:attachment":[{"href":"https:\/\/shop.flirtcollection.it\/pl\/wp-json\/wp\/v2\/media?parent=190899"}],"wp:term":[{"taxonomy":"product_brand","embeddable":true,"href":"https:\/\/shop.flirtcollection.it\/pl\/wp-json\/wp\/v2\/product_brand?post=190899"},{"taxonomy":"product_cat","embeddable":true,"href":"https:\/\/shop.flirtcollection.it\/pl\/wp-json\/wp\/v2\/product_cat?post=190899"},{"taxonomy":"product_tag","embeddable":true,"href":"https:\/\/shop.flirtcollection.it\/pl\/wp-json\/wp\/v2\/product_tag?post=190899"}],"curies":[{"name":"wp","href":"https:\/\/api.w.org\/{rel}","templated":true}]}}