{"id":190979,"date":"2026-02-12T11:46:30","date_gmt":"2026-02-12T10:46:30","guid":{"rendered":"https:\/\/shop.flirtcollection.it\/prodotto\/maglia-girocollo-manica-corta-filato-spugna\/"},"modified":"2026-02-12T11:46:30","modified_gmt":"2026-02-12T10:46:30","slug":"maglia-girocollo-manica-corta-filato-spugna","status":"publish","type":"product","link":"https:\/\/shop.flirtcollection.it\/pl\/produkt\/maglia-girocollo-manica-corta-filato-spugna\/","title":{"rendered":"SWETER Z OKR\u0104G\u0141YM DEKOLTEM I KR\u00d3TKIMI R\u0118KAWAMI Z PROSTYCH NICI"},"content":{"rendered":"<p>Composizione: 67% COTONE    33% POLIAMMIDE<\/p>\n","protected":false},"excerpt":{"rendered":"<p>Composizione: 67% COTONE 33% POLIAMMIDE<\/p>\n","protected":false},"featured_media":177050,"template":"","meta":[],"product_brand":[],"product_cat":[161,127],"product_tag":[],"class_list":{"0":"post-190979","1":"product","2":"type-product","3":"status-publish","4":"has-post-thumbnail","6":"product_cat-kolekcja-wl-2026","7":"product_cat-siatka","8":"product_shipping_class-ordini-di-campionario-pl","10":"first","11":"outofstock","12":"product-type-variable"},"_links":{"self":[{"href":"https:\/\/shop.flirtcollection.it\/pl\/wp-json\/wp\/v2\/product\/190979","targetHints":{"allow":["GET"]}}],"collection":[{"href":"https:\/\/shop.flirtcollection.it\/pl\/wp-json\/wp\/v2\/product"}],"about":[{"href":"https:\/\/shop.flirtcollection.it\/pl\/wp-json\/wp\/v2\/types\/product"}],"wp:featuredmedia":[{"embeddable":true,"href":"https:\/\/shop.flirtcollection.it\/pl\/wp-json\/wp\/v2\/media\/177050"}],"wp:attachment":[{"href":"https:\/\/shop.flirtcollection.it\/pl\/wp-json\/wp\/v2\/media?parent=190979"}],"wp:term":[{"taxonomy":"product_brand","embeddable":true,"href":"https:\/\/shop.flirtcollection.it\/pl\/wp-json\/wp\/v2\/product_brand?post=190979"},{"taxonomy":"product_cat","embeddable":true,"href":"https:\/\/shop.flirtcollection.it\/pl\/wp-json\/wp\/v2\/product_cat?post=190979"},{"taxonomy":"product_tag","embeddable":true,"href":"https:\/\/shop.flirtcollection.it\/pl\/wp-json\/wp\/v2\/product_tag?post=190979"}],"curies":[{"name":"wp","href":"https:\/\/api.w.org\/{rel}","templated":true}]}}