{"id":191025,"date":"2026-02-12T11:46:30","date_gmt":"2026-02-12T10:46:30","guid":{"rendered":"https:\/\/shop.flirtcollection.it\/prodotto\/cardigan-corto-con-ajour-in-cotone\/"},"modified":"2026-02-12T11:46:30","modified_gmt":"2026-02-12T10:46:30","slug":"cardigan-corto-con-ajour-in-cotone","status":"publish","type":"product","link":"https:\/\/shop.flirtcollection.it\/pl\/produkt\/cardigan-corto-con-ajour-in-cotone\/","title":{"rendered":"KR\u00d3TKI KARDIGAN Z A\u017bUROWYM WZOREM Z BAWE\u0141NY"},"content":{"rendered":"<p>Composizione: 50% COTONE    50% ACRILICA<\/p>\n","protected":false},"excerpt":{"rendered":"<p>Composizione: 50% COTONE 50% ACRILICA<\/p>\n","protected":false},"featured_media":177044,"template":"","meta":[],"product_brand":[],"product_cat":[161,127],"product_tag":[],"class_list":{"0":"post-191025","1":"product","2":"type-product","3":"status-publish","4":"has-post-thumbnail","6":"product_cat-kolekcja-wl-2026","7":"product_cat-siatka","8":"product_shipping_class-ordini-di-campionario-pl","10":"first","11":"outofstock","12":"product-type-variable"},"_links":{"self":[{"href":"https:\/\/shop.flirtcollection.it\/pl\/wp-json\/wp\/v2\/product\/191025","targetHints":{"allow":["GET"]}}],"collection":[{"href":"https:\/\/shop.flirtcollection.it\/pl\/wp-json\/wp\/v2\/product"}],"about":[{"href":"https:\/\/shop.flirtcollection.it\/pl\/wp-json\/wp\/v2\/types\/product"}],"wp:featuredmedia":[{"embeddable":true,"href":"https:\/\/shop.flirtcollection.it\/pl\/wp-json\/wp\/v2\/media\/177044"}],"wp:attachment":[{"href":"https:\/\/shop.flirtcollection.it\/pl\/wp-json\/wp\/v2\/media?parent=191025"}],"wp:term":[{"taxonomy":"product_brand","embeddable":true,"href":"https:\/\/shop.flirtcollection.it\/pl\/wp-json\/wp\/v2\/product_brand?post=191025"},{"taxonomy":"product_cat","embeddable":true,"href":"https:\/\/shop.flirtcollection.it\/pl\/wp-json\/wp\/v2\/product_cat?post=191025"},{"taxonomy":"product_tag","embeddable":true,"href":"https:\/\/shop.flirtcollection.it\/pl\/wp-json\/wp\/v2\/product_tag?post=191025"}],"curies":[{"name":"wp","href":"https:\/\/api.w.org\/{rel}","templated":true}]}}