{"id":191557,"date":"2026-02-12T11:46:30","date_gmt":"2026-02-12T10:46:30","guid":{"rendered":"https:\/\/shop.flirtcollection.it\/prodotto\/abito-manica-corta-con-zip-fondo-in-bengalina\/"},"modified":"2026-02-12T11:46:30","modified_gmt":"2026-02-12T10:46:30","slug":"abito-manica-corta-con-zip-fondo-in-bengalina","status":"publish","type":"product","link":"https:\/\/shop.flirtcollection.it\/pl\/produkt\/abito-manica-corta-con-zip-fondo-in-bengalina\/","title":{"rendered":"SUKIENKA Z KR\u00d3TKIM R\u0118KAWEM I ZAMKIEM Z TY\u0141U Z BENGALINY"},"content":{"rendered":"<p>Composizione: 65% VISCOSA    30% POLIAMMIDICA    5% ELASTAN<\/p>\n","protected":false},"excerpt":{"rendered":"<p>Composizione: 65% VISCOSA 30% POLIAMMIDICA 5% ELASTAN<\/p>\n","protected":false},"featured_media":177068,"template":"","meta":[],"product_brand":[],"product_cat":[161,163],"product_tag":[],"class_list":{"0":"post-191557","1":"product","2":"type-product","3":"status-publish","4":"has-post-thumbnail","6":"product_cat-kolekcja-wl-2026","7":"product_cat-sukienka","8":"product_shipping_class-ordini-di-campionario-pl","10":"first","11":"instock","12":"product-type-variable"},"_links":{"self":[{"href":"https:\/\/shop.flirtcollection.it\/pl\/wp-json\/wp\/v2\/product\/191557","targetHints":{"allow":["GET"]}}],"collection":[{"href":"https:\/\/shop.flirtcollection.it\/pl\/wp-json\/wp\/v2\/product"}],"about":[{"href":"https:\/\/shop.flirtcollection.it\/pl\/wp-json\/wp\/v2\/types\/product"}],"wp:featuredmedia":[{"embeddable":true,"href":"https:\/\/shop.flirtcollection.it\/pl\/wp-json\/wp\/v2\/media\/177068"}],"wp:attachment":[{"href":"https:\/\/shop.flirtcollection.it\/pl\/wp-json\/wp\/v2\/media?parent=191557"}],"wp:term":[{"taxonomy":"product_brand","embeddable":true,"href":"https:\/\/shop.flirtcollection.it\/pl\/wp-json\/wp\/v2\/product_brand?post=191557"},{"taxonomy":"product_cat","embeddable":true,"href":"https:\/\/shop.flirtcollection.it\/pl\/wp-json\/wp\/v2\/product_cat?post=191557"},{"taxonomy":"product_tag","embeddable":true,"href":"https:\/\/shop.flirtcollection.it\/pl\/wp-json\/wp\/v2\/product_tag?post=191557"}],"curies":[{"name":"wp","href":"https:\/\/api.w.org\/{rel}","templated":true}]}}