{"id":192080,"date":"2026-02-12T11:41:40","date_gmt":"2026-02-12T10:41:40","guid":{"rendered":"https:\/\/shop.flirtcollection.it\/prodotto\/maglia-scollo-barca-in-cotone-con-perle\/"},"modified":"2026-02-12T11:41:40","modified_gmt":"2026-02-12T10:41:40","slug":"maglia-scollo-barca-in-cotone-con-perle","status":"publish","type":"product","link":"https:\/\/shop.flirtcollection.it\/pl\/produkt\/maglia-scollo-barca-in-cotone-con-perle\/","title":{"rendered":"SWETER Z BAWE\u0141NY Z DEKOLTEM W \u0141\u00d3DK\u0118 I PER\u0141AMI"},"content":{"rendered":"<p>Composizione: 100% COTONE<\/p>\n","protected":false},"excerpt":{"rendered":"<p>Composizione: 100% COTONE<\/p>\n","protected":false},"featured_media":177206,"template":"","meta":[],"product_brand":[],"product_cat":[161,127],"product_tag":[],"class_list":{"0":"post-192080","1":"product","2":"type-product","3":"status-publish","4":"has-post-thumbnail","6":"product_cat-kolekcja-wl-2026","7":"product_cat-siatka","8":"product_shipping_class-ordini-di-campionario-pl","10":"first","11":"outofstock","12":"product-type-variable"},"_links":{"self":[{"href":"https:\/\/shop.flirtcollection.it\/pl\/wp-json\/wp\/v2\/product\/192080","targetHints":{"allow":["GET"]}}],"collection":[{"href":"https:\/\/shop.flirtcollection.it\/pl\/wp-json\/wp\/v2\/product"}],"about":[{"href":"https:\/\/shop.flirtcollection.it\/pl\/wp-json\/wp\/v2\/types\/product"}],"wp:featuredmedia":[{"embeddable":true,"href":"https:\/\/shop.flirtcollection.it\/pl\/wp-json\/wp\/v2\/media\/177206"}],"wp:attachment":[{"href":"https:\/\/shop.flirtcollection.it\/pl\/wp-json\/wp\/v2\/media?parent=192080"}],"wp:term":[{"taxonomy":"product_brand","embeddable":true,"href":"https:\/\/shop.flirtcollection.it\/pl\/wp-json\/wp\/v2\/product_brand?post=192080"},{"taxonomy":"product_cat","embeddable":true,"href":"https:\/\/shop.flirtcollection.it\/pl\/wp-json\/wp\/v2\/product_cat?post=192080"},{"taxonomy":"product_tag","embeddable":true,"href":"https:\/\/shop.flirtcollection.it\/pl\/wp-json\/wp\/v2\/product_tag?post=192080"}],"curies":[{"name":"wp","href":"https:\/\/api.w.org\/{rel}","templated":true}]}}