{"id":193950,"date":"2026-02-12T11:35:35","date_gmt":"2026-02-12T10:35:35","guid":{"rendered":"https:\/\/shop.flirtcollection.it\/prodotto\/giacca-chanel-con-tasche-sfrangiate-e-spalmatura\/"},"modified":"2026-02-12T11:35:35","modified_gmt":"2026-02-12T10:35:35","slug":"giacca-chanel-con-tasche-sfrangiate-e-spalmatura","status":"publish","type":"product","link":"https:\/\/shop.flirtcollection.it\/pl\/produkt\/giacca-chanel-con-tasche-sfrangiate-e-spalmatura\/","title":{"rendered":"KURTKA CHANEL Z FR\u0118DZLOWYMI KIESZENIAMI I POW\u0141OK\u0104"},"content":{"rendered":"<p>Composizione: 60% POLIESTERE    35% COTONE    5% Altre fibre<\/p>\n","protected":false},"excerpt":{"rendered":"<p>Composizione: 60% POLIESTERE 35% COTONE 5% Altre fibre<\/p>\n","protected":false},"featured_media":176825,"template":"","meta":[],"product_brand":[],"product_cat":[161,121],"product_tag":[],"class_list":{"0":"post-193950","1":"product","2":"type-product","3":"status-publish","4":"has-post-thumbnail","6":"product_cat-kolekcja-wl-2026","7":"product_cat-kurtka","8":"product_shipping_class-ordini-di-campionario-pl","10":"first","11":"instock","12":"product-type-variable"},"_links":{"self":[{"href":"https:\/\/shop.flirtcollection.it\/pl\/wp-json\/wp\/v2\/product\/193950","targetHints":{"allow":["GET"]}}],"collection":[{"href":"https:\/\/shop.flirtcollection.it\/pl\/wp-json\/wp\/v2\/product"}],"about":[{"href":"https:\/\/shop.flirtcollection.it\/pl\/wp-json\/wp\/v2\/types\/product"}],"wp:featuredmedia":[{"embeddable":true,"href":"https:\/\/shop.flirtcollection.it\/pl\/wp-json\/wp\/v2\/media\/176825"}],"wp:attachment":[{"href":"https:\/\/shop.flirtcollection.it\/pl\/wp-json\/wp\/v2\/media?parent=193950"}],"wp:term":[{"taxonomy":"product_brand","embeddable":true,"href":"https:\/\/shop.flirtcollection.it\/pl\/wp-json\/wp\/v2\/product_brand?post=193950"},{"taxonomy":"product_cat","embeddable":true,"href":"https:\/\/shop.flirtcollection.it\/pl\/wp-json\/wp\/v2\/product_cat?post=193950"},{"taxonomy":"product_tag","embeddable":true,"href":"https:\/\/shop.flirtcollection.it\/pl\/wp-json\/wp\/v2\/product_tag?post=193950"}],"curies":[{"name":"wp","href":"https:\/\/api.w.org\/{rel}","templated":true}]}}