{"id":194051,"date":"2026-02-12T11:35:35","date_gmt":"2026-02-12T10:35:35","guid":{"rendered":"https:\/\/shop.flirtcollection.it\/prodotto\/gonna-lunga-fantasia-in-cotone\/"},"modified":"2026-02-12T11:35:35","modified_gmt":"2026-02-12T10:35:35","slug":"gonna-lunga-fantasia-in-cotone","status":"publish","type":"product","link":"https:\/\/shop.flirtcollection.it\/pl\/produkt\/gonna-lunga-fantasia-in-cotone\/","title":{"rendered":"D\u0141UGA SP\u00d3DNICA Z BAWE\u0141NY W WZORY"},"content":{"rendered":"<p>Composizione: 100% COTONE<\/p>\n","protected":false},"excerpt":{"rendered":"<p>Composizione: 100% COTONE<\/p>\n","protected":false},"featured_media":176921,"template":"","meta":[],"product_brand":[],"product_cat":[161,178],"product_tag":[],"class_list":{"0":"post-194051","1":"product","2":"type-product","3":"status-publish","4":"has-post-thumbnail","6":"product_cat-kolekcja-wl-2026","7":"product_cat-spodnica","8":"product_shipping_class-ordini-di-campionario-pl","10":"first","11":"instock","12":"product-type-variable"},"_links":{"self":[{"href":"https:\/\/shop.flirtcollection.it\/pl\/wp-json\/wp\/v2\/product\/194051","targetHints":{"allow":["GET"]}}],"collection":[{"href":"https:\/\/shop.flirtcollection.it\/pl\/wp-json\/wp\/v2\/product"}],"about":[{"href":"https:\/\/shop.flirtcollection.it\/pl\/wp-json\/wp\/v2\/types\/product"}],"wp:featuredmedia":[{"embeddable":true,"href":"https:\/\/shop.flirtcollection.it\/pl\/wp-json\/wp\/v2\/media\/176921"}],"wp:attachment":[{"href":"https:\/\/shop.flirtcollection.it\/pl\/wp-json\/wp\/v2\/media?parent=194051"}],"wp:term":[{"taxonomy":"product_brand","embeddable":true,"href":"https:\/\/shop.flirtcollection.it\/pl\/wp-json\/wp\/v2\/product_brand?post=194051"},{"taxonomy":"product_cat","embeddable":true,"href":"https:\/\/shop.flirtcollection.it\/pl\/wp-json\/wp\/v2\/product_cat?post=194051"},{"taxonomy":"product_tag","embeddable":true,"href":"https:\/\/shop.flirtcollection.it\/pl\/wp-json\/wp\/v2\/product_tag?post=194051"}],"curies":[{"name":"wp","href":"https:\/\/api.w.org\/{rel}","templated":true}]}}