{"id":194247,"date":"2026-02-12T11:35:35","date_gmt":"2026-02-12T10:35:35","guid":{"rendered":"https:\/\/shop.flirtcollection.it\/prodotto\/t-shirt-punto-roma-con-balze-e-manica-in-georgette\/"},"modified":"2026-02-12T11:35:35","modified_gmt":"2026-02-12T10:35:35","slug":"t-shirt-punto-roma-con-balze-e-manica-in-georgette","status":"publish","type":"product","link":"https:\/\/shop.flirtcollection.it\/pl\/produkt\/t-shirt-punto-roma-con-balze-e-manica-in-georgette\/","title":{"rendered":"T-SHIRT Z D\u0141UGIM R\u0118KAWEM Z WYST\u0118PAMI I R\u0118KAWAMI Z GEORGETTE"},"content":{"rendered":"<p>Composizione: 63% VISCOSA    32% NYLON    5% ELASTAN    100% POLIESTERE<\/p>\n","protected":false},"excerpt":{"rendered":"<p>Composizione: 63% VISCOSA 32% NYLON 5% ELASTAN 100% POLIESTERE<\/p>\n","protected":false},"featured_media":176852,"template":"","meta":[],"product_brand":[],"product_cat":[161,127],"product_tag":[],"class_list":{"0":"post-194247","1":"product","2":"type-product","3":"status-publish","4":"has-post-thumbnail","6":"product_cat-kolekcja-wl-2026","7":"product_cat-siatka","8":"product_shipping_class-ordini-di-campionario-pl","10":"first","11":"outofstock","12":"product-type-variable"},"_links":{"self":[{"href":"https:\/\/shop.flirtcollection.it\/pl\/wp-json\/wp\/v2\/product\/194247","targetHints":{"allow":["GET"]}}],"collection":[{"href":"https:\/\/shop.flirtcollection.it\/pl\/wp-json\/wp\/v2\/product"}],"about":[{"href":"https:\/\/shop.flirtcollection.it\/pl\/wp-json\/wp\/v2\/types\/product"}],"wp:featuredmedia":[{"embeddable":true,"href":"https:\/\/shop.flirtcollection.it\/pl\/wp-json\/wp\/v2\/media\/176852"}],"wp:attachment":[{"href":"https:\/\/shop.flirtcollection.it\/pl\/wp-json\/wp\/v2\/media?parent=194247"}],"wp:term":[{"taxonomy":"product_brand","embeddable":true,"href":"https:\/\/shop.flirtcollection.it\/pl\/wp-json\/wp\/v2\/product_brand?post=194247"},{"taxonomy":"product_cat","embeddable":true,"href":"https:\/\/shop.flirtcollection.it\/pl\/wp-json\/wp\/v2\/product_cat?post=194247"},{"taxonomy":"product_tag","embeddable":true,"href":"https:\/\/shop.flirtcollection.it\/pl\/wp-json\/wp\/v2\/product_tag?post=194247"}],"curies":[{"name":"wp","href":"https:\/\/api.w.org\/{rel}","templated":true}]}}