{"id":194817,"date":"2026-02-12T11:32:13","date_gmt":"2026-02-12T10:32:13","guid":{"rendered":"https:\/\/shop.flirtcollection.it\/prodotto\/maglia-girocollo-in-voile-ricamato-con-canotta\/"},"modified":"2026-02-12T11:32:13","modified_gmt":"2026-02-12T10:32:13","slug":"maglia-girocollo-in-voile-ricamato-con-canotta","status":"publish","type":"product","link":"https:\/\/shop.flirtcollection.it\/pl\/produkt\/maglia-girocollo-in-voile-ricamato-con-canotta\/","title":{"rendered":"SWETER Z OKR\u0104G\u0141YM DEKOLTEM Z HAFTOWANEJ VOILE Z KOSZULK\u0104"},"content":{"rendered":"<p>Composizione: 85% POLIESTERE    15% LYOCELL<\/p>\n","protected":false},"excerpt":{"rendered":"<p>Composizione: 85% POLIESTERE 15% LYOCELL<\/p>\n","protected":false},"featured_media":176864,"template":"","meta":[],"product_brand":[],"product_cat":[161,127],"product_tag":[],"class_list":{"0":"post-194817","1":"product","2":"type-product","3":"status-publish","4":"has-post-thumbnail","6":"product_cat-kolekcja-wl-2026","7":"product_cat-siatka","8":"product_shipping_class-ordini-di-campionario-pl","10":"first","11":"instock","12":"product-type-variable"},"_links":{"self":[{"href":"https:\/\/shop.flirtcollection.it\/pl\/wp-json\/wp\/v2\/product\/194817","targetHints":{"allow":["GET"]}}],"collection":[{"href":"https:\/\/shop.flirtcollection.it\/pl\/wp-json\/wp\/v2\/product"}],"about":[{"href":"https:\/\/shop.flirtcollection.it\/pl\/wp-json\/wp\/v2\/types\/product"}],"wp:featuredmedia":[{"embeddable":true,"href":"https:\/\/shop.flirtcollection.it\/pl\/wp-json\/wp\/v2\/media\/176864"}],"wp:attachment":[{"href":"https:\/\/shop.flirtcollection.it\/pl\/wp-json\/wp\/v2\/media?parent=194817"}],"wp:term":[{"taxonomy":"product_brand","embeddable":true,"href":"https:\/\/shop.flirtcollection.it\/pl\/wp-json\/wp\/v2\/product_brand?post=194817"},{"taxonomy":"product_cat","embeddable":true,"href":"https:\/\/shop.flirtcollection.it\/pl\/wp-json\/wp\/v2\/product_cat?post=194817"},{"taxonomy":"product_tag","embeddable":true,"href":"https:\/\/shop.flirtcollection.it\/pl\/wp-json\/wp\/v2\/product_tag?post=194817"}],"curies":[{"name":"wp","href":"https:\/\/api.w.org\/{rel}","templated":true}]}}