{"id":195673,"date":"2026-02-12T11:27:11","date_gmt":"2026-02-12T10:27:11","guid":{"rendered":"https:\/\/shop.flirtcollection.it\/prodotto\/maglia-manica-corta-in-jersey-con-spicchi-in-tela\/"},"modified":"2026-02-12T11:27:11","modified_gmt":"2026-02-12T10:27:11","slug":"maglia-manica-corta-in-jersey-con-spicchi-in-tela","status":"publish","type":"product","link":"https:\/\/shop.flirtcollection.it\/pl\/produkt\/maglia-manica-corta-in-jersey-con-spicchi-in-tela\/","title":{"rendered":"KOSZULKA Z KR\u00d3TKIM R\u0118KAWEM Z JERSEY Z WST\u0118GAMI Z P\u0141\u00d3CIENNA"},"content":{"rendered":"<p>Composizione: 100% COTONE    95% VISCOSA    5% ELASTAN<\/p>\n","protected":false},"excerpt":{"rendered":"<p>Composizione: 100% COTONE 95% VISCOSA 5% ELASTAN<\/p>\n","protected":false},"featured_media":176933,"template":"","meta":[],"product_brand":[],"product_cat":[161,127],"product_tag":[],"class_list":{"0":"post-195673","1":"product","2":"type-product","3":"status-publish","4":"has-post-thumbnail","6":"product_cat-kolekcja-wl-2026","7":"product_cat-siatka","8":"product_shipping_class-ordini-di-campionario-pl","10":"first","11":"instock","12":"product-type-variable"},"_links":{"self":[{"href":"https:\/\/shop.flirtcollection.it\/pl\/wp-json\/wp\/v2\/product\/195673","targetHints":{"allow":["GET"]}}],"collection":[{"href":"https:\/\/shop.flirtcollection.it\/pl\/wp-json\/wp\/v2\/product"}],"about":[{"href":"https:\/\/shop.flirtcollection.it\/pl\/wp-json\/wp\/v2\/types\/product"}],"wp:featuredmedia":[{"embeddable":true,"href":"https:\/\/shop.flirtcollection.it\/pl\/wp-json\/wp\/v2\/media\/176933"}],"wp:attachment":[{"href":"https:\/\/shop.flirtcollection.it\/pl\/wp-json\/wp\/v2\/media?parent=195673"}],"wp:term":[{"taxonomy":"product_brand","embeddable":true,"href":"https:\/\/shop.flirtcollection.it\/pl\/wp-json\/wp\/v2\/product_brand?post=195673"},{"taxonomy":"product_cat","embeddable":true,"href":"https:\/\/shop.flirtcollection.it\/pl\/wp-json\/wp\/v2\/product_cat?post=195673"},{"taxonomy":"product_tag","embeddable":true,"href":"https:\/\/shop.flirtcollection.it\/pl\/wp-json\/wp\/v2\/product_tag?post=195673"}],"curies":[{"name":"wp","href":"https:\/\/api.w.org\/{rel}","templated":true}]}}